{"id":56,"date":"2024-02-27T11:27:35","date_gmt":"2024-02-27T11:27:35","guid":{"rendered":"https:\/\/www.isopesu.fi\/?page_id=56"},"modified":"2026-03-20T12:37:15","modified_gmt":"2026-03-20T12:37:15","slug":"kangasniemen-pesulapalvelu","status":"publish","type":"page","link":"http:\/\/www.isopesu.fi\/","title":{"rendered":"Kangasniemen pesulapalvelu"},"content":{"rendered":"\n<p><\/p>\n\n\n\n<p><\/p>\n\n\n\n<figure class=\"wp-block-gallery has-nested-images columns-default is-cropped wp-block-gallery-1 is-layout-flex wp-block-gallery-is-layout-flex\">\n<figure class=\"wp-block-image size-large\"><img loading=\"lazy\" decoding=\"async\" width=\"932\" height=\"1024\" data-id=\"34\" src=\"https:\/\/www.isopesu.fi\/wp-content\/uploads\/2021\/04\/Isopesu-mainos-210-x-297-mm-e1709033476184-932x1024.png\" alt=\"\" class=\"wp-image-34\" srcset=\"http:\/\/www.isopesu.fi\/wp-content\/uploads\/2021\/04\/Isopesu-mainos-210-x-297-mm-e1709033476184-932x1024.png 932w, http:\/\/www.isopesu.fi\/wp-content\/uploads\/2021\/04\/Isopesu-mainos-210-x-297-mm-e1709033476184-273x300.png 273w, http:\/\/www.isopesu.fi\/wp-content\/uploads\/2021\/04\/Isopesu-mainos-210-x-297-mm-e1709033476184-768x844.png 768w, http:\/\/www.isopesu.fi\/wp-content\/uploads\/2021\/04\/Isopesu-mainos-210-x-297-mm-e1709033476184-1398x1536.png 1398w, http:\/\/www.isopesu.fi\/wp-content\/uploads\/2021\/04\/Isopesu-mainos-210-x-297-mm-e1709033476184.png 1413w\" sizes=\"auto, (max-width: 932px) 100vw, 932px\" \/><\/figure>\n<\/figure>\n\n\n\n<div class=\"wp-block-cover aligncenter\" style=\"min-height:221px;aspect-ratio:unset;\"><img loading=\"lazy\" decoding=\"async\" width=\"1024\" height=\"579\" class=\"wp-block-cover__image-background wp-image-190\" alt=\"\" src=\"https:\/\/www.isopesu.fi\/wp-content\/uploads\/2025\/07\/Tee-kuva-jossa-piirretty-vesipisara-pitaa-kylttia-jossa-huutomerkki-1024x579.jpg\" data-object-fit=\"cover\" srcset=\"http:\/\/www.isopesu.fi\/wp-content\/uploads\/2025\/07\/Tee-kuva-jossa-piirretty-vesipisara-pitaa-kylttia-jossa-huutomerkki-1024x579.jpg 1024w, http:\/\/www.isopesu.fi\/wp-content\/uploads\/2025\/07\/Tee-kuva-jossa-piirretty-vesipisara-pitaa-kylttia-jossa-huutomerkki-300x170.jpg 300w, http:\/\/www.isopesu.fi\/wp-content\/uploads\/2025\/07\/Tee-kuva-jossa-piirretty-vesipisara-pitaa-kylttia-jossa-huutomerkki-768x434.jpg 768w, http:\/\/www.isopesu.fi\/wp-content\/uploads\/2025\/07\/Tee-kuva-jossa-piirretty-vesipisara-pitaa-kylttia-jossa-huutomerkki.jpg 1472w\" sizes=\"auto, (max-width: 1024px) 100vw, 1024px\" \/><span aria-hidden=\"true\" class=\"wp-block-cover__background has-background-dim\"><\/span><div class=\"wp-block-cover__inner-container is-layout-flow wp-block-cover-is-layout-flow\">\n<p class=\"has-xxlarge-font-size\"><\/p>\n<\/div><\/div>\n\n\n\n<div class=\"wp-block-buttons is-layout-flex wp-block-buttons-is-layout-flex\">\n<div class=\"wp-block-button has-custom-width wp-block-button__width-100\"><a class=\"wp-block-button__link has-text-align-center wp-element-button\" href=\"https:\/\/www.isopesu.fi\/index.php\/yhteystiedot\/\">OTA YHTEYTT\u00c4<\/a><\/div>\n<\/div>\n\n\n\n<div class=\"wp-block-buttons is-layout-flex wp-block-buttons-is-layout-flex\">\n<div class=\"wp-block-button\"><a class=\"wp-block-button__link wp-element-button\">L\u00f6yd\u00e4t meid\u00e4t my\u00f6s Facebookista<\/a><\/div>\n\n\n\n<div class=\"wp-block-button\"><a class=\"wp-block-button__link wp-element-button\" href=\"https:\/\/www.facebook.com\/www.isopesu.fi?locale=fi_FI\">@kangasniemenisopesu<\/a><\/div>\n<\/div>\n\n\n\n<p><mark style=\"background-color:#a4d0ff\" class=\"has-inline-color\">Aukioloajat saattavat vaihdella normaalista mm. loma-aikoina.<\/mark> <\/p>\n\n\n\n<p class=\"has-text-align-center has-small-font-size\"><em>Pid\u00e4t\u00e4mme oikeuden muutoksiin<\/em><\/p>\n\n\n\n<p><\/p>\n","protected":false},"excerpt":{"rendered":"<p>Aukioloajat saattavat vaihdella normaalista mm. loma-aikoina. Pid\u00e4t\u00e4mme oikeuden muutoksiin<\/p>\n","protected":false},"author":2,"featured_media":14,"parent":0,"menu_order":0,"comment_status":"closed","ping_status":"closed","template":"","meta":{"_kad_post_transparent":"","_kad_post_title":"","_kad_post_layout":"","_kad_post_sidebar_id":"","_kad_post_content_style":"","_kad_post_vertical_padding":"","_kad_post_feature":"","_kad_post_feature_position":"","_kad_post_header":false,"_kad_post_footer":false,"_kad_post_classname":"","footnotes":""},"class_list":["post-56","page","type-page","status-publish","has-post-thumbnail","hentry"],"_links":{"self":[{"href":"http:\/\/www.isopesu.fi\/index.php\/wp-json\/wp\/v2\/pages\/56","targetHints":{"allow":["GET"]}}],"collection":[{"href":"http:\/\/www.isopesu.fi\/index.php\/wp-json\/wp\/v2\/pages"}],"about":[{"href":"http:\/\/www.isopesu.fi\/index.php\/wp-json\/wp\/v2\/types\/page"}],"author":[{"embeddable":true,"href":"http:\/\/www.isopesu.fi\/index.php\/wp-json\/wp\/v2\/users\/2"}],"replies":[{"embeddable":true,"href":"http:\/\/www.isopesu.fi\/index.php\/wp-json\/wp\/v2\/comments?post=56"}],"version-history":[{"count":109,"href":"http:\/\/www.isopesu.fi\/index.php\/wp-json\/wp\/v2\/pages\/56\/revisions"}],"predecessor-version":[{"id":234,"href":"http:\/\/www.isopesu.fi\/index.php\/wp-json\/wp\/v2\/pages\/56\/revisions\/234"}],"wp:featuredmedia":[{"embeddable":true,"href":"http:\/\/www.isopesu.fi\/index.php\/wp-json\/wp\/v2\/media\/14"}],"wp:attachment":[{"href":"http:\/\/www.isopesu.fi\/index.php\/wp-json\/wp\/v2\/media?parent=56"}],"curies":[{"name":"wp","href":"https:\/\/api.w.org\/{rel}","templated":true}]}}